{"id":111,"date":"2014-08-06T12:32:32","date_gmt":"2014-08-06T10:32:32","guid":{"rendered":"http:\/\/www.rainer-elsner.de\/?page_id=111"},"modified":"2025-10-04T09:44:40","modified_gmt":"2025-10-04T07:44:40","slug":"bildungsarbeit","status":"publish","type":"page","link":"https:\/\/www.rainer-elsner.de\/?page_id=111","title":{"rendered":"Wesentliches"},"content":{"rendered":"<p>Dem Wesentlichen k\u00f6nnen wir uns sicher auf mehr als einem Weg n\u00e4hern. Echte Tiefe bekommt diese Auseinandersetzung aber wohl nur mit philosophischem Denken.<\/p>\n<h4>Was ist der Mensch?<strong><br \/><\/strong><\/h4>\n<p>Immanuel Kant fasste sein Philosophieren einst unter der Frage zusammen: &#8222;Was ist der Mensch?&#8220;<\/p>\n<p>Karl Jaspers schrieb sp\u00e4ter: &#8222;In unserer Liebe sind wir, was wir eigentlich sind. Alles, was in uns Gewicht hat, ist im Ursprung Liebe.&#8220;<\/p>\n<blockquote>\n<p style=\"text-align: center;\"><em>\u201e&#8230; man kann etwas oder jemanden nicht st\u00e4rker bejahen, als indem man ihn liebt,<br \/>n\u00e4mlich ihm sagt: ich will, da\u00df du bist \u2013 amo: volo ut sis.\u201c<\/em><\/p>\n<p style=\"text-align: right;\">Hannah Arendt<\/p>\n<\/blockquote>\n<p>Doch was ist Liebe? Die Antwort ist nicht kurz und nicht einfach zu formulieren, denn Liebe ist sehr facettenreich und vielf\u00e4ltig wie in Teilen ihrer Erscheinung auch sehr individuell. Sie kann mit Freude verbunden sein aber auch mit Schmerz. Wachsen und gedeihen kann Liebe aber nur in Freiheit \u2013 der Freiheit im Denken und F\u00fchlen. Wenn ich also einen Menschen liebe, liebe ich seine Freiheit.<\/p>\n<blockquote>\n<p style=\"text-align: center;\"><em>\u201e\u2026 Liebe \u2026 ist das schlichte Wort f\u00fcr das Tiefste und Positivste unseres seins.\u201c<\/em><\/p>\n<p style=\"text-align: right;\">Karl Jaspers<\/p>\n<\/blockquote>\n<p>Das gilt besonders im pers\u00f6nlichen Bereich. Aber es gilt \u2013 in allgemeinerer Form \u2013 auch im gesellschaftlichen Bereich. Viele gesellschaftliche Missst\u00e4nde haben ihren Ursprung (oder zumindest einen Teil ihres Ursprungs) in lieblosem Denken und Handeln. F\u00fcr eine friedliche, gerechte und lebensfreundliche \u2013 also der Zukunft zugewandte \u2013 Gesellschaft ist die Auseinandersetzung mit der Frage nach der Liebe trotz ihrer Komplexit\u00e4t daher unabdingbar. Das als kleiner Denkansto\u00df.<\/p>\n<p>Was wirklich wesentlich ist, k\u00f6nnen wir nicht ohne vernunftgetriebene Philosophie ergr\u00fcnden. Denn nur diese stellt immer wieder neue Fragen und sucht unentwegt nach schl\u00fcssigen Antworten. Vernunftgetrieben sage ich, da vern\u00fcnftige Philosophie selbstverst\u00e4ndlich immer auf der Basis aktueller wissenschaftlicher Erkenntnisse stattfindet.<\/p>\n<blockquote>\n<p style=\"text-align: center;\"><em>\u201eVerachte nur Vernunft und Wissenschaft,<br \/>Des Menschen allerh\u00f6chste Kraft,<br \/>La\u00df nur in Blend- und Zauberwerken<br \/>Dich vom L\u00fcgengeist best\u00e4rken,<br \/>So hab&#8216; ich dich schon unbedingt\u201c<\/em><\/p>\n<p style=\"text-align: right;\">Johann Wolfgang von Goethe, Faust I &#8211; Mephistopheles<\/p>\n<\/blockquote>\n\n\n<p><\/p>\n","protected":false},"excerpt":{"rendered":"<p>Dem Wesentlichen k\u00f6nnen wir uns sicher auf mehr als einem Weg n\u00e4hern. Echte Tiefe bekommt diese Auseinandersetzung aber wohl nur mit philosophischem Denken. Was ist der Mensch? Immanuel Kant fasste sein Philosophieren einst unter der Frage zusammen: &#8222;Was ist der Mensch?&#8220; Karl Jaspers schrieb sp\u00e4ter: &#8222;In unserer Liebe sind wir, was wir eigentlich sind. Alles, was in uns Gewicht hat, ist im Ursprung Liebe.&#8220; \u201e&#8230; man kann etwas oder jemanden nicht st\u00e4rker bejahen, als indem man ihn liebt,n\u00e4mlich ihm sagt: ich will, da\u00df du bist \u2013 amo: volo ut sis.\u201c Hannah Arendt Doch was ist Liebe? Die Antwort ist nicht<\/p>\n<a class=\"more-link\" rel=\"nofollow\" href=\"https:\/\/www.rainer-elsner.de\/?page_id=111\">[mehr lesen...]<\/a>","protected":false},"author":2,"featured_media":0,"parent":0,"menu_order":4,"comment_status":"closed","ping_status":"closed","template":"","meta":{"footnotes":""},"class_list":["post-111","page","type-page","status-publish","hentry"],"_links":{"self":[{"href":"https:\/\/www.rainer-elsner.de\/index.php?rest_route=\/wp\/v2\/pages\/111","targetHints":{"allow":["GET"]}}],"collection":[{"href":"https:\/\/www.rainer-elsner.de\/index.php?rest_route=\/wp\/v2\/pages"}],"about":[{"href":"https:\/\/www.rainer-elsner.de\/index.php?rest_route=\/wp\/v2\/types\/page"}],"author":[{"embeddable":true,"href":"https:\/\/www.rainer-elsner.de\/index.php?rest_route=\/wp\/v2\/users\/2"}],"replies":[{"embeddable":true,"href":"https:\/\/www.rainer-elsner.de\/index.php?rest_route=%2Fwp%2Fv2%2Fcomments&post=111"}],"version-history":[{"count":79,"href":"https:\/\/www.rainer-elsner.de\/index.php?rest_route=\/wp\/v2\/pages\/111\/revisions"}],"predecessor-version":[{"id":583,"href":"https:\/\/www.rainer-elsner.de\/index.php?rest_route=\/wp\/v2\/pages\/111\/revisions\/583"}],"wp:attachment":[{"href":"https:\/\/www.rainer-elsner.de\/index.php?rest_route=%2Fwp%2Fv2%2Fmedia&parent=111"}],"curies":[{"name":"wp","href":"https:\/\/api.w.org\/{rel}","templated":true}]}}