{"id":20,"date":"2014-05-07T14:38:28","date_gmt":"2014-05-07T12:38:28","guid":{"rendered":"http:\/\/www.rainer-elsner.de\/?page_id=20"},"modified":"2025-10-04T09:40:59","modified_gmt":"2025-10-04T07:40:59","slug":"home","status":"publish","type":"page","link":"https:\/\/www.rainer-elsner.de\/","title":{"rendered":"Home"},"content":{"rendered":"\n<h1 class=\"wp-block-heading\">Rainer Elsner<\/h1>\n\n\n\n<h2 class=\"wp-block-heading\">Guten Tag und herzlich Willkommen!          <img loading=\"lazy\" decoding=\"async\" width=\"150\" height=\"184\" class=\"wp-image-412\" style=\"width: 150px;\" src=\"https:\/\/www.rainer-elsner.de\/wp-content\/uploads\/2020\/04\/RE2019.jpg\" alt=\"Rainer Elsner\" srcset=\"https:\/\/www.rainer-elsner.de\/wp-content\/uploads\/2020\/04\/RE2019.jpg 881w, https:\/\/www.rainer-elsner.de\/wp-content\/uploads\/2020\/04\/RE2019-245x300.jpg 245w, https:\/\/www.rainer-elsner.de\/wp-content\/uploads\/2020\/04\/RE2019-837x1024.jpg 837w, https:\/\/www.rainer-elsner.de\/wp-content\/uploads\/2020\/04\/RE2019-768x940.jpg 768w\" sizes=\"auto, (max-width: 150px) 100vw, 150px\" \/><\/h2>\n\n\n\n<p class=\"has-text-align-left\">Nachfolgend finden sich meine beruflichen Qualifikationen und F\u00e4higkeiten wie auch pers\u00f6nliches Engagement und philosophische Denkanst\u00f6\u00dfe.<\/p>\n\n\n\n<p><\/p>\n\n\n\n<p><em><strong>\u201e\u2026 der Stolz eines B\u00fcrgers einer Republik ist [es], nicht mehr zu gelten in \u00f6ffentlichen Angelegenheiten als irgendein anderer B\u00fcrger \u2013 dies ist seine \u00bbTugend\u00ab \u2013 \u2026 wenn man in einer Republik nicht mehr wei\u00df, was Tugend ist, \u2026 so geht [diese] \u2026 ihrem Ende entgegen.\u201c<\/strong><\/em><\/p>\n\n\n\n<p class=\"has-text-align-right\"><em>Hannah Arendt<\/em><\/p>\n","protected":false},"excerpt":{"rendered":"<p>Rainer Elsner Guten Tag und herzlich Willkommen! Nachfolgend finden sich meine beruflichen Qualifikationen und F\u00e4higkeiten wie auch pers\u00f6nliches Engagement und philosophische Denkanst\u00f6\u00dfe. \u201e\u2026 der Stolz eines B\u00fcrgers einer Republik ist [es], nicht mehr zu gelten in \u00f6ffentlichen Angelegenheiten als irgendein anderer B\u00fcrger \u2013 dies ist seine \u00bbTugend\u00ab \u2013 \u2026 wenn man in einer Republik nicht mehr wei\u00df, was Tugend ist, \u2026 so geht [diese] \u2026 ihrem Ende entgegen.\u201c Hannah Arendt<\/p>\n<a class=\"more-link\" rel=\"nofollow\" href=\"https:\/\/www.rainer-elsner.de\/\">[mehr lesen...]<\/a>","protected":false},"author":2,"featured_media":0,"parent":0,"menu_order":0,"comment_status":"closed","ping_status":"closed","template":"","meta":{"footnotes":""},"class_list":["post-20","page","type-page","status-publish","hentry"],"_links":{"self":[{"href":"https:\/\/www.rainer-elsner.de\/index.php?rest_route=\/wp\/v2\/pages\/20","targetHints":{"allow":["GET"]}}],"collection":[{"href":"https:\/\/www.rainer-elsner.de\/index.php?rest_route=\/wp\/v2\/pages"}],"about":[{"href":"https:\/\/www.rainer-elsner.de\/index.php?rest_route=\/wp\/v2\/types\/page"}],"author":[{"embeddable":true,"href":"https:\/\/www.rainer-elsner.de\/index.php?rest_route=\/wp\/v2\/users\/2"}],"replies":[{"embeddable":true,"href":"https:\/\/www.rainer-elsner.de\/index.php?rest_route=%2Fwp%2Fv2%2Fcomments&post=20"}],"version-history":[{"count":56,"href":"https:\/\/www.rainer-elsner.de\/index.php?rest_route=\/wp\/v2\/pages\/20\/revisions"}],"predecessor-version":[{"id":579,"href":"https:\/\/www.rainer-elsner.de\/index.php?rest_route=\/wp\/v2\/pages\/20\/revisions\/579"}],"wp:attachment":[{"href":"https:\/\/www.rainer-elsner.de\/index.php?rest_route=%2Fwp%2Fv2%2Fmedia&parent=20"}],"curies":[{"name":"wp","href":"https:\/\/api.w.org\/{rel}","templated":true}]}}