{"id":24,"date":"2014-05-07T18:45:33","date_gmt":"2014-05-07T16:45:33","guid":{"rendered":"http:\/\/www.rainer-elsner.de\/?page_id=24"},"modified":"2025-10-04T09:50:24","modified_gmt":"2025-10-04T07:50:24","slug":"fedara-redaktion-und-mehr","status":"publish","type":"page","link":"https:\/\/www.rainer-elsner.de\/?page_id=24","title":{"rendered":"Engagement"},"content":{"rendered":"<h2>Kritische Gedanken und Denkanst\u00f6\u00dfe<\/h2>\n<blockquote><p><em>\u201eDenn vern\u00fcnftige Wesen stehen alle unter dem Gesetz, dass jedes derselben sich selbst und alle andere niemals blo\u00df als Mittel, sondern jederzeit zugleich als Zweck an sich selbst behandeln solle.\u201c<\/em><\/p>\n<p style=\"text-align: right;\">Immanuel Kant &#8211; Kategorischer Imperativ (KI)<\/p>\n<\/blockquote>\n<p>Unser Leben ist immer auch politisch &#8211; ob wir das wollen oder nicht. Das f\u00fchrte dazu, dass ich 2010 mit einem kleinen Blog, dem <a href=\"https:\/\/www.ostfalen-spiegel.de\/\" target=\"_blank\" rel=\"noopener noreferrer\">Ostfalen-Spiegel<\/a>, an die \u00d6ffentlichkeit ging. Dort finden sich zahlreiche Beitr\u00e4ge zu gesellschaftlich relevanten Themen. \u00d6kologie und Umweltschutz, Energie und Klimaschutz, Krieg und Frieden, unsere Demokratie, zu all dem gibt es dort Informationen, Meinungen und Denkanst\u00f6\u00dfe. Aufgrund von beruflichen Aufgaben und mehr praktischem ehrenamtlichen Engagement habe ich dort allerdings schon eine Weile keine Beitr\u00e4ge mehr ver\u00f6ffentlicht.<\/p>\n<p>Besonders fokussiert sind davon die Beitr\u00e4ge in den &#8222;Gedanken zum Zeitgeist&#8220;, die hier verlinkt sind:<\/p>\n<p>I. <a href=\"http:\/\/www.ostfalen-spiegel.de\/tapfer-sterben-fur\/\" target=\"_blank\" rel=\"noopener noreferrer\">Tapfer sterben f\u00fcr \u2026<\/a> \u2013 Sollen deutsche Soldaten wirklich in der ganzen Welt k\u00e4mpfen? \u2013 Juni 2010<\/p>\n<p>II. <a href=\"http:\/\/www.ostfalen-spiegel.de\/2010\/das-recht-immer-das-laut-zu-sagen-was-ist\/\" target=\"_blank\" rel=\"noopener noreferrer\">Der Finger in der Wunde<\/a> \u2013 Darf nur der Kritik aussprechen, der \u00fcber jeden Tadel erhaben ist? \u2013 September 2010<\/p>\n<p>III. <a href=\"http:\/\/www.ostfalen-spiegel.de\/2010\/iii-die-demokratie-lebt-vom-diskurs\/\" target=\"_blank\" rel=\"noopener noreferrer\">Die Demokratie lebt vom Diskurs<\/a> \u2013 K\u00f6nnen und d\u00fcrfen politische Entscheidungen ohne faire und offenen Diskussion aller Beteiligten getroffen werden? \u2013 Oktober 2010<\/p>\n<p>IV. <a href=\"http:\/\/www.ostfalen-spiegel.de\/2011\/iv-mehr-schein-als-sein\/\" target=\"_blank\" rel=\"noopener noreferrer\">Mehr Schein als Sein<\/a> \u2013 Von der Oberfl\u00e4chlichkeit unserer Gesellschaft. \u2013 M\u00e4rz 2011<\/p>\n<blockquote>\n<p style=\"padding-left: 30px; text-align: center;\">\u201eDie Demokratie ist keine Frage der Zweckm\u00e4\u00dfigkeit, sondern der Sittlichkeit.\u201c<\/p>\n<p style=\"padding-left: 30px; text-align: right;\"><em>Willy Brandt<\/em><\/p>\n<\/blockquote>\n<p>V. <a href=\"http:\/\/www.ostfalen-spiegel.de\/2011\/v-begrundung-einer-hoffnung\/\" target=\"_blank\" rel=\"noopener noreferrer\">Begr\u00fcndung einer Hoffnung<\/a> \u2013 Warum wir Deutschen den 23. Mai feiern sollten. \u2013 Mai 2011<\/p>\n<p>VI. <a href=\"http:\/\/www.ostfalen-spiegel.de\/2011\/vi-wer-das-geld-hat-hat-auch-verantwortung\/\" target=\"_blank\" rel=\"noopener noreferrer\">Wer das Geld hat \u2013 hat auch Verantwortung<\/a> \u2013 Mit Besitz und Eigentum ist auch eine Verpflichtung der Gesellschaft gegen\u00fcber verbunden. \u2013 August 2011<\/p>\n<blockquote><p>\u201eDie Menschen werden nicht dadurch gerecht, da\u00df sie wissen, was gerecht ist, sondern indem sie die Gerechtigkeit lieben.\u201c<\/p>\n<p style=\"text-align: right;\"><em>Hannah Arendt<\/em><\/p>\n<\/blockquote>\n<p>VII. <a href=\"http:\/\/www.ostfalen-spiegel.de\/2012\/vii-demokratie\/\" target=\"_blank\" rel=\"noopener noreferrer\">Demokratie!?<\/a> \u2013 Wie demokratisch sind wir wirklich gesinnt und organisiert?. \u2013 Februar 2012<\/p>\n<blockquote><p>\u201e\u2026 der Stolz eines B\u00fcrgers einer Republik ist [es], nicht mehr zu gelten in \u00f6ffentlichen Angelegenheiten als irgendein anderer B\u00fcrger \u2013 dies ist seine \u00bbTugend\u00ab \u2013 \u2026 wenn man in einer Republik nicht mehr wei\u00df, was Tugend ist, \u2026 so geht [diese] \u2026 ihrem Ende entgegen.\u201c<\/p>\n<p style=\"padding-left: 30px; text-align: right;\" align=\"right\"><em>Hannah Arendt<\/em><\/p>\n<\/blockquote>\n<p>VIII. <a href=\"http:\/\/www.ostfalen-spiegel.de\/2012\/viii-energie\/\" target=\"_blank\" rel=\"noopener noreferrer\">Energie<\/a> \u2013 \u2026 Wir wringen die Erde aus wie einen nassen Schwamm. \u2013 August 2012<\/p>\n<p>IX. <a href=\"http:\/\/www.ostfalen-spiegel.de\/ix-was-ist-jetzt-wesentlich\/\" target=\"_blank\" rel=\"noopener noreferrer\">Was ist jetzt (!) wesentlich?<\/a> \u2013 Verantwortungsbewu\u00dftsein, Solidarit\u00e4t und Menschenliebe \u2013 Juli 2016<\/p>\n<blockquote>\n<p style=\"text-align: center;\" align=\"center\">\u201eDie Unmenschlichkeit, die einem anderen angetan wird, zerst\u00f6rt die Menschlichkeit in mir.\u201c<\/p>\n<p style=\"text-align: right;\" align=\"right\"><em>Immanuel Kant<\/em><\/p>\n<\/blockquote>\n<p style=\"text-align: left;\" align=\"right\"><strong>Eine Erz\u00e4hlung<\/strong><\/p>\n<div id=\"content\">\n<div id=\"post-2394\" class=\"post\">\n<p><a href=\"http:\/\/www.ostfalen-spiegel.de\/ein-abend-im-advent\/\" target=\"_blank\" rel=\"noopener noreferrer\"><em>Ein Abend im Advent<\/em><\/a> &#8211; Eine besinnliche Erz\u00e4hlung aus der Weihnachtszeit &#8211; Dezember 2010<\/p>\n<\/div>\n<\/div>\n","protected":false},"excerpt":{"rendered":"<p>Kritische Gedanken und Denkanst\u00f6\u00dfe \u201eDenn vern\u00fcnftige Wesen stehen alle unter dem Gesetz, dass jedes derselben sich selbst und alle andere niemals blo\u00df als Mittel, sondern jederzeit zugleich als Zweck an sich selbst behandeln solle.\u201c Immanuel Kant &#8211; Kategorischer Imperativ (KI) Unser Leben ist immer auch politisch &#8211; ob wir das wollen oder nicht. Das f\u00fchrte dazu, dass ich 2010 mit einem kleinen Blog, dem Ostfalen-Spiegel, an die \u00d6ffentlichkeit ging. Dort finden sich zahlreiche Beitr\u00e4ge zu gesellschaftlich relevanten Themen. \u00d6kologie und Umweltschutz, Energie und Klimaschutz, Krieg und Frieden, unsere Demokratie, zu all dem gibt es dort Informationen, Meinungen und Denkanst\u00f6\u00dfe. Aufgrund<\/p>\n<a class=\"more-link\" rel=\"nofollow\" href=\"https:\/\/www.rainer-elsner.de\/?page_id=24\">[mehr lesen...]<\/a>","protected":false},"author":2,"featured_media":0,"parent":0,"menu_order":3,"comment_status":"closed","ping_status":"closed","template":"","meta":{"footnotes":""},"class_list":["post-24","page","type-page","status-publish","hentry"],"_links":{"self":[{"href":"https:\/\/www.rainer-elsner.de\/index.php?rest_route=\/wp\/v2\/pages\/24","targetHints":{"allow":["GET"]}}],"collection":[{"href":"https:\/\/www.rainer-elsner.de\/index.php?rest_route=\/wp\/v2\/pages"}],"about":[{"href":"https:\/\/www.rainer-elsner.de\/index.php?rest_route=\/wp\/v2\/types\/page"}],"author":[{"embeddable":true,"href":"https:\/\/www.rainer-elsner.de\/index.php?rest_route=\/wp\/v2\/users\/2"}],"replies":[{"embeddable":true,"href":"https:\/\/www.rainer-elsner.de\/index.php?rest_route=%2Fwp%2Fv2%2Fcomments&post=24"}],"version-history":[{"count":49,"href":"https:\/\/www.rainer-elsner.de\/index.php?rest_route=\/wp\/v2\/pages\/24\/revisions"}],"predecessor-version":[{"id":584,"href":"https:\/\/www.rainer-elsner.de\/index.php?rest_route=\/wp\/v2\/pages\/24\/revisions\/584"}],"wp:attachment":[{"href":"https:\/\/www.rainer-elsner.de\/index.php?rest_route=%2Fwp%2Fv2%2Fmedia&parent=24"}],"curies":[{"name":"wp","href":"https:\/\/api.w.org\/{rel}","templated":true}]}}