{"id":454,"date":"2020-06-06T12:11:35","date_gmt":"2020-06-06T10:11:35","guid":{"rendered":"https:\/\/www.rainer-elsner.de\/?page_id=454"},"modified":"2020-06-06T12:11:35","modified_gmt":"2020-06-06T10:11:35","slug":"kontakt","status":"publish","type":"page","link":"https:\/\/www.rainer-elsner.de\/?page_id=454","title":{"rendered":"Kontakt"},"content":{"rendered":"\n<h2 class=\"wp-block-heading\">Kontaktm\u00f6glichkeiten:<\/h2>\n\n\n\n<p>Per Briefpost:<br>Rainer Elsner<br>Reichenberger Stra\u00dfe 24<br>38302 Wolfenb\u00fcttel<\/p>\n\n\n\n<p>Per-E-Mail:<br><a href=\"https:\/\/www.rainer-elsner.de\/mail@rainer-elsner.de\">mail(at)rainer-elsner.de<\/a><\/p>\n\n\n\n<p>Per Telefon:<br>05331-9920569 (B\u00fcro)<\/p>\n\n\n\n<p>Per Telefax:<br>05331-978656<\/p>\n\n\n\n<p><\/p>\n","protected":false},"excerpt":{"rendered":"<p>Kontaktm\u00f6glichkeiten: Per Briefpost:Rainer ElsnerReichenberger Stra\u00dfe 2438302 Wolfenb\u00fcttel Per-E-Mail:mail(at)rainer-elsner.de Per Telefon:05331-9920569 (B\u00fcro) Per Telefax:05331-978656<\/p>\n<a class=\"more-link\" rel=\"nofollow\" href=\"https:\/\/www.rainer-elsner.de\/?page_id=454\">[mehr lesen...]<\/a>","protected":false},"author":2,"featured_media":0,"parent":0,"menu_order":0,"comment_status":"closed","ping_status":"closed","template":"","meta":{"footnotes":""},"class_list":["post-454","page","type-page","status-publish","hentry"],"_links":{"self":[{"href":"https:\/\/www.rainer-elsner.de\/index.php?rest_route=\/wp\/v2\/pages\/454","targetHints":{"allow":["GET"]}}],"collection":[{"href":"https:\/\/www.rainer-elsner.de\/index.php?rest_route=\/wp\/v2\/pages"}],"about":[{"href":"https:\/\/www.rainer-elsner.de\/index.php?rest_route=\/wp\/v2\/types\/page"}],"author":[{"embeddable":true,"href":"https:\/\/www.rainer-elsner.de\/index.php?rest_route=\/wp\/v2\/users\/2"}],"replies":[{"embeddable":true,"href":"https:\/\/www.rainer-elsner.de\/index.php?rest_route=%2Fwp%2Fv2%2Fcomments&post=454"}],"version-history":[{"count":2,"href":"https:\/\/www.rainer-elsner.de\/index.php?rest_route=\/wp\/v2\/pages\/454\/revisions"}],"predecessor-version":[{"id":456,"href":"https:\/\/www.rainer-elsner.de\/index.php?rest_route=\/wp\/v2\/pages\/454\/revisions\/456"}],"wp:attachment":[{"href":"https:\/\/www.rainer-elsner.de\/index.php?rest_route=%2Fwp%2Fv2%2Fmedia&parent=454"}],"curies":[{"name":"wp","href":"https:\/\/api.w.org\/{rel}","templated":true}]}}